{"id":2067,"date":"2023-05-24T17:29:31","date_gmt":"2023-05-24T15:29:31","guid":{"rendered":"https:\/\/www.rouelibregranddax.fr\/?page_id=2067"},"modified":"2023-05-24T17:32:23","modified_gmt":"2023-05-24T15:32:23","slug":"choisir-un-velo-selon-la-taille-et-lage-de-lenfant","status":"publish","type":"page","link":"https:\/\/www.rouelibregranddax.fr\/index.php\/choisir-un-velo-selon-la-taille-et-lage-de-lenfant\/","title":{"rendered":"Conseil Taille V\u00e9lo Enfant"},"content":{"rendered":"\n<figure class=\"wp-block-image size-large\"><img loading=\"lazy\" decoding=\"async\" width=\"1600\" height=\"444\" src=\"https:\/\/www.rouelibregranddax.fr\/wp-content\/uploads\/2023\/05\/ban-fc-quelle-taille-velo-enfant-2-1600x444.jpg\" alt=\"\" class=\"wp-image-2068\" srcset=\"https:\/\/www.rouelibregranddax.fr\/wp-content\/uploads\/2023\/05\/ban-fc-quelle-taille-velo-enfant-2-1600x444.jpg 1600w, https:\/\/www.rouelibregranddax.fr\/wp-content\/uploads\/2023\/05\/ban-fc-quelle-taille-velo-enfant-2-800x222.jpg 800w, https:\/\/www.rouelibregranddax.fr\/wp-content\/uploads\/2023\/05\/ban-fc-quelle-taille-velo-enfant-2-768x213.jpg 768w, https:\/\/www.rouelibregranddax.fr\/wp-content\/uploads\/2023\/05\/ban-fc-quelle-taille-velo-enfant-2-1536x426.jpg 1536w, https:\/\/www.rouelibregranddax.fr\/wp-content\/uploads\/2023\/05\/ban-fc-quelle-taille-velo-enfant-2.jpg 1920w\" sizes=\"auto, (max-width: 1600px) 100vw, 1600px\" \/><\/figure>\n\n\n\n<p>Comment choisir la bonne taille de v\u00e9lo enfant ? tous les crit\u00e8res importants \u00e0 prendre en compte sont disponibles au lien ci dessous : <\/p>\n\n\n\n<p><a href=\"https:\/\/www.lecyclo.com\/blogs\/conseils\/guide-tailles-velo-enfant\">https:\/\/www.lecyclo.com\/blogs\/conseils\/guide-tailles-velo-enfant<\/a><\/p>\n","protected":false},"excerpt":{"rendered":"<p>Comment choisir la bonne taille de v\u00e9lo enfant ? tous les crit\u00e8res importants \u00e0 prendre en compte sont disponibles au lien ci dessous : https:\/\/www.lecyclo.com\/blogs\/conseils\/guide-tailles-velo-enfant<\/p>\n","protected":false},"author":1,"featured_media":0,"parent":0,"menu_order":0,"comment_status":"closed","ping_status":"closed","template":"","meta":{"site-sidebar-layout":"default","site-content-layout":"","ast-site-content-layout":"","site-content-style":"default","site-sidebar-style":"default","ast-global-header-display":"","ast-banner-title-visibility":"","ast-main-header-display":"","ast-hfb-above-header-display":"","ast-hfb-below-header-display":"","ast-hfb-mobile-header-display":"","site-post-title":"","ast-breadcrumbs-content":"","ast-featured-img":"","footer-sml-layout":"","theme-transparent-header-meta":"","adv-header-id-meta":"","stick-header-meta":"","header-above-stick-meta":"","header-main-stick-meta":"","header-below-stick-meta":"","astra-migrate-meta-layouts":"default","ast-page-background-enabled":"default","ast-page-background-meta":{"desktop":{"background-color":"var(--ast-global-color-4)","background-image":"","background-repeat":"repeat","background-position":"center center","background-size":"auto","background-attachment":"scroll","background-type":"","background-media":"","overlay-type":"","overlay-color":"","overlay-opacity":"","overlay-gradient":""},"tablet":{"background-color":"","background-image":"","background-repeat":"repeat","background-position":"center center","background-size":"auto","background-attachment":"scroll","background-type":"","background-media":"","overlay-type":"","overlay-color":"","overlay-opacity":"","overlay-gradient":""},"mobile":{"background-color":"","background-image":"","background-repeat":"repeat","background-position":"center center","background-size":"auto","background-attachment":"scroll","background-type":"","background-media":"","overlay-type":"","overlay-color":"","overlay-opacity":"","overlay-gradient":""}},"ast-content-background-meta":{"desktop":{"background-color":"var(--ast-global-color-5)","background-image":"","background-repeat":"repeat","background-position":"center center","background-size":"auto","background-attachment":"scroll","background-type":"","background-media":"","overlay-type":"","overlay-color":"","overlay-opacity":"","overlay-gradient":""},"tablet":{"background-color":"var(--ast-global-color-5)","background-image":"","background-repeat":"repeat","background-position":"center center","background-size":"auto","background-attachment":"scroll","background-type":"","background-media":"","overlay-type":"","overlay-color":"","overlay-opacity":"","overlay-gradient":""},"mobile":{"background-color":"var(--ast-global-color-5)","background-image":"","background-repeat":"repeat","background-position":"center center","background-size":"auto","background-attachment":"scroll","background-type":"","background-media":"","overlay-type":"","overlay-color":"","overlay-opacity":"","overlay-gradient":""}},"footnotes":""},"class_list":["post-2067","page","type-page","status-publish","hentry"],"_links":{"self":[{"href":"https:\/\/www.rouelibregranddax.fr\/index.php\/wp-json\/wp\/v2\/pages\/2067","targetHints":{"allow":["GET"]}}],"collection":[{"href":"https:\/\/www.rouelibregranddax.fr\/index.php\/wp-json\/wp\/v2\/pages"}],"about":[{"href":"https:\/\/www.rouelibregranddax.fr\/index.php\/wp-json\/wp\/v2\/types\/page"}],"author":[{"embeddable":true,"href":"https:\/\/www.rouelibregranddax.fr\/index.php\/wp-json\/wp\/v2\/users\/1"}],"replies":[{"embeddable":true,"href":"https:\/\/www.rouelibregranddax.fr\/index.php\/wp-json\/wp\/v2\/comments?post=2067"}],"version-history":[{"count":2,"href":"https:\/\/www.rouelibregranddax.fr\/index.php\/wp-json\/wp\/v2\/pages\/2067\/revisions"}],"predecessor-version":[{"id":2071,"href":"https:\/\/www.rouelibregranddax.fr\/index.php\/wp-json\/wp\/v2\/pages\/2067\/revisions\/2071"}],"wp:attachment":[{"href":"https:\/\/www.rouelibregranddax.fr\/index.php\/wp-json\/wp\/v2\/media?parent=2067"}],"curies":[{"name":"wp","href":"https:\/\/api.w.org\/{rel}","templated":true}]}}