{"id":1897,"date":"2022-11-24T17:22:41","date_gmt":"2022-11-24T16:22:41","guid":{"rendered":"https:\/\/www.rouelibregranddax.fr\/?page_id=1897"},"modified":"2025-12-08T03:26:40","modified_gmt":"2025-12-08T02:26:40","slug":"savoir-rouler-a-velo","status":"publish","type":"page","link":"https:\/\/www.rouelibregranddax.fr\/index.php\/savoir-rouler-a-velo\/","title":{"rendered":"La V\u00e9lo-Ecole de l&rsquo;Association Roue Libre en Grand Dax"},"content":{"rendered":"\n<figure class=\"wp-block-image size-full\"><img loading=\"lazy\" decoding=\"async\" width=\"600\" height=\"338\" src=\"https:\/\/www.rouelibregranddax.fr\/wp-content\/uploads\/2022\/11\/logo-savoir-rouler-1.jpg\" alt=\"\" class=\"wp-image-1899\" srcset=\"https:\/\/www.rouelibregranddax.fr\/wp-content\/uploads\/2022\/11\/logo-savoir-rouler-1.jpg 600w, https:\/\/www.rouelibregranddax.fr\/wp-content\/uploads\/2022\/11\/logo-savoir-rouler-1-300x169.jpg 300w\" sizes=\"auto, (max-width: 600px) 100vw, 600px\" \/><\/figure>\n\n\n\n<p>Grace \u00e0 nos b\u00e9n\u00e9voles form\u00e9s par l&rsquo; Union D\u00e9partementale des Sapeurs Pompiers, par la F\u00e9d\u00e9ration des Usagers de la Bicyclette (<a href=\"https:\/\/www.facebook.com\/FUBleveloauquotidien?__cft__[0]=AZWB7bx-38xWg8x_UO_5lNaonu5UKhoziBEkMU_DlR2GYBnOsbhqXFjw9XB6M7AYDSCe8_7EPTsy-POYNUsefJqlYDc57pSj8FZV4yF8PFsqnWvK-L2opl7Ze889HSgNjy78HFTZv-Eqmb2IGwXu83xtu4VZOmmHhMESn-6C3FKETy2QOyEkN5R3p_Sk5Z6_3qM&amp;__tn__=-]K-R\">FUB<\/a>) et par <a href=\"https:\/\/www.facebook.com\/profile.php?id=100090495735246&amp;__cft__[0]=AZWB7bx-38xWg8x_UO_5lNaonu5UKhoziBEkMU_DlR2GYBnOsbhqXFjw9XB6M7AYDSCe8_7EPTsy-POYNUsefJqlYDc57pSj8FZV4yF8PFsqnWvK-L2opl7Ze889HSgNjy78HFTZv-Eqmb2IGwXu83xtu4VZOmmHhMESn-6C3FKETy2QOyEkN5R3p_Sk5Z6_3qM&amp;__tn__=-]K-R\">G\u00e9n\u00e9ration V\u00e9lo<\/a>, nous pouvons d\u00e9sormais <strong>vous proposer des stages de (Re)Mise en selle pour Adultes et Enfants :<\/strong><\/p>\n\n\n\n<p>Tarif : 50 euro (+ 10 adh\u00e9sion) pour : <\/p>\n\n\n\n<ul class=\"wp-block-list\">\n<li>1 partie th\u00e9orie (2 heures) :<\/li>\n<\/ul>\n\n\n\n<p><a><\/a>Contr\u00f4le et r\u00e9glages du v\u00e9lo<\/p>\n\n\n\n<p>Les panneaux de signalisations<\/p>\n\n\n\n<p>Les bonnes pratiques<\/p>\n\n\n\n<ul class=\"wp-block-list\">\n<li>1 partie pratique (2 heures) :<\/li>\n<\/ul>\n\n\n\n<p>Exercices de maniabilit\u00e9 en milieu s\u00e9curis\u00e9<\/p>\n\n\n\n<p>Mise en situation r\u00e9elle avec nos b\u00e9n\u00e9voles intervenants SRAV<\/p>\n\n\n\n<p><strong>Renseignements :<\/strong> <a href=\"mailto:velo-ecole@rouelibregranddax.fr\">velo-ecole@rouelibregranddax.fr<\/a><\/p>\n\n\n\n\n\n<figure class=\"wp-block-image size-full\"><img loading=\"lazy\" decoding=\"async\" width=\"532\" height=\"1061\" src=\"https:\/\/www.rouelibregranddax.fr\/wp-content\/uploads\/2024\/04\/RoueLibreRe-miseVerso-pdf.jpg\" alt=\"\" class=\"wp-image-2238\"\/><\/figure>\n\n\n\n<figure class=\"wp-block-image size-large\"><img loading=\"lazy\" decoding=\"async\" width=\"600\" height=\"1200\" src=\"https:\/\/www.rouelibregranddax.fr\/wp-content\/uploads\/2024\/03\/RL-page-001-600x1200.jpg\" alt=\"\" class=\"wp-image-2231\" srcset=\"https:\/\/www.rouelibregranddax.fr\/wp-content\/uploads\/2024\/03\/RL-page-001-600x1200.jpg 600w, https:\/\/www.rouelibregranddax.fr\/wp-content\/uploads\/2024\/03\/RL-page-001-300x600.jpg 300w, https:\/\/www.rouelibregranddax.fr\/wp-content\/uploads\/2024\/03\/RL-page-001.jpg 620w\" sizes=\"auto, (max-width: 600px) 100vw, 600px\" \/><\/figure>\n","protected":false},"excerpt":{"rendered":"<p>Grace \u00e0 nos b\u00e9n\u00e9voles form\u00e9s par l&rsquo; Union D\u00e9partementale des Sapeurs Pompiers, par la F\u00e9d\u00e9ration des Usagers de la Bicyclette (FUB) et par G\u00e9n\u00e9ration V\u00e9lo, nous pouvons d\u00e9sormais vous proposer des stages de (Re)Mise en selle pour Adultes et Enfants : Tarif : 50 euro (+ 10 adh\u00e9sion) pour : Contr\u00f4le et r\u00e9glages du v\u00e9lo [&hellip;]<\/p>\n","protected":false},"author":1,"featured_media":0,"parent":0,"menu_order":0,"comment_status":"closed","ping_status":"closed","template":"","meta":{"site-sidebar-layout":"default","site-content-layout":"","ast-site-content-layout":"default","site-content-style":"default","site-sidebar-style":"default","ast-global-header-display":"","ast-banner-title-visibility":"","ast-main-header-display":"","ast-hfb-above-header-display":"","ast-hfb-below-header-display":"","ast-hfb-mobile-header-display":"","site-post-title":"","ast-breadcrumbs-content":"","ast-featured-img":"","footer-sml-layout":"","theme-transparent-header-meta":"","adv-header-id-meta":"","stick-header-meta":"","header-above-stick-meta":"","header-main-stick-meta":"","header-below-stick-meta":"","astra-migrate-meta-layouts":"set","ast-page-background-enabled":"default","ast-page-background-meta":{"desktop":{"background-color":"var(--ast-global-color-4)","background-image":"","background-repeat":"repeat","background-position":"center center","background-size":"auto","background-attachment":"scroll","background-type":"","background-media":"","overlay-type":"","overlay-color":"","overlay-opacity":"","overlay-gradient":""},"tablet":{"background-color":"","background-image":"","background-repeat":"repeat","background-position":"center center","background-size":"auto","background-attachment":"scroll","background-type":"","background-media":"","overlay-type":"","overlay-color":"","overlay-opacity":"","overlay-gradient":""},"mobile":{"background-color":"","background-image":"","background-repeat":"repeat","background-position":"center center","background-size":"auto","background-attachment":"scroll","background-type":"","background-media":"","overlay-type":"","overlay-color":"","overlay-opacity":"","overlay-gradient":""}},"ast-content-background-meta":{"desktop":{"background-color":"var(--ast-global-color-5)","background-image":"","background-repeat":"repeat","background-position":"center center","background-size":"auto","background-attachment":"scroll","background-type":"","background-media":"","overlay-type":"","overlay-color":"","overlay-opacity":"","overlay-gradient":""},"tablet":{"background-color":"var(--ast-global-color-5)","background-image":"","background-repeat":"repeat","background-position":"center center","background-size":"auto","background-attachment":"scroll","background-type":"","background-media":"","overlay-type":"","overlay-color":"","overlay-opacity":"","overlay-gradient":""},"mobile":{"background-color":"var(--ast-global-color-5)","background-image":"","background-repeat":"repeat","background-position":"center center","background-size":"auto","background-attachment":"scroll","background-type":"","background-media":"","overlay-type":"","overlay-color":"","overlay-opacity":"","overlay-gradient":""}},"footnotes":""},"class_list":["post-1897","page","type-page","status-publish","hentry"],"_links":{"self":[{"href":"https:\/\/www.rouelibregranddax.fr\/index.php\/wp-json\/wp\/v2\/pages\/1897","targetHints":{"allow":["GET"]}}],"collection":[{"href":"https:\/\/www.rouelibregranddax.fr\/index.php\/wp-json\/wp\/v2\/pages"}],"about":[{"href":"https:\/\/www.rouelibregranddax.fr\/index.php\/wp-json\/wp\/v2\/types\/page"}],"author":[{"embeddable":true,"href":"https:\/\/www.rouelibregranddax.fr\/index.php\/wp-json\/wp\/v2\/users\/1"}],"replies":[{"embeddable":true,"href":"https:\/\/www.rouelibregranddax.fr\/index.php\/wp-json\/wp\/v2\/comments?post=1897"}],"version-history":[{"count":9,"href":"https:\/\/www.rouelibregranddax.fr\/index.php\/wp-json\/wp\/v2\/pages\/1897\/revisions"}],"predecessor-version":[{"id":2564,"href":"https:\/\/www.rouelibregranddax.fr\/index.php\/wp-json\/wp\/v2\/pages\/1897\/revisions\/2564"}],"wp:attachment":[{"href":"https:\/\/www.rouelibregranddax.fr\/index.php\/wp-json\/wp\/v2\/media?parent=1897"}],"curies":[{"name":"wp","href":"https:\/\/api.w.org\/{rel}","templated":true}]}}