{"id":1813,"date":"2022-09-16T16:31:48","date_gmt":"2022-09-16T14:31:48","guid":{"rendered":"https:\/\/www.rouelibregranddax.fr\/?page_id=1813"},"modified":"2022-11-24T17:56:52","modified_gmt":"2022-11-24T16:56:52","slug":"hellovelo-org-le-site-web-qui-vous-accompagne-pour-bien-demarrer-le-velo-au-quotidien","status":"publish","type":"page","link":"https:\/\/www.rouelibregranddax.fr\/index.php\/hellovelo-org-le-site-web-qui-vous-accompagne-pour-bien-demarrer-le-velo-au-quotidien\/","title":{"rendered":"HELLOVELO.ORG\u00a0: le site web qui vous accompagne pour bien d\u00e9marrer le v\u00e9lo au quotidien\u00a0! (cliquez sur l&rsquo;image ci dessous pour acc\u00e9der au site)"},"content":{"rendered":"\n<figure class=\"wp-block-image size-large\"><a href=\"https:\/\/hellovelo.org\/\"><img loading=\"lazy\" decoding=\"async\" width=\"1024\" height=\"504\" src=\"https:\/\/www.rouelibregranddax.fr\/wp-content\/uploads\/2022\/09\/GENERIQUE-presentation-online-hellovelo-v2-1024x504.jpg\" alt=\"\" class=\"wp-image-1814\" srcset=\"https:\/\/www.rouelibregranddax.fr\/wp-content\/uploads\/2022\/09\/GENERIQUE-presentation-online-hellovelo-v2-1024x504.jpg 1024w, https:\/\/www.rouelibregranddax.fr\/wp-content\/uploads\/2022\/09\/GENERIQUE-presentation-online-hellovelo-v2-300x148.jpg 300w, https:\/\/www.rouelibregranddax.fr\/wp-content\/uploads\/2022\/09\/GENERIQUE-presentation-online-hellovelo-v2-768x378.jpg 768w, https:\/\/www.rouelibregranddax.fr\/wp-content\/uploads\/2022\/09\/GENERIQUE-presentation-online-hellovelo-v2.jpg 1280w\" sizes=\"auto, (max-width: 1024px) 100vw, 1024px\" \/><\/a><\/figure>\n\n\n\n<p>Avec le soutien de la Pr\u00e9fecture de la r\u00e9gion Nouvelle Aquitaine, V\u00e9lo-Cit\u00e9 et les associations de la<br>r\u00e9gion Nouvelle-Aquitaine ont d\u00e9velopp\u00e9 un <a href=\"https:\/\/hellovelo.org\/\">site web<\/a> pour accompagner les nouveaux utilisateurs<br>du v\u00e9lo \u00e0 adopter les bons r\u00e9flexes.<br>La pratique du v\u00e9lo conna\u00eet ces derni\u00e8res ann\u00e9es une tr\u00e8s forte progression et il est n\u00e9cessaire<br>d\u2019accompagner celles et ceux qui souhaitent changer leur mode principal de d\u00e9placement et qui<br>se posent beaucoup de questions&nbsp;: quel v\u00e9lo&nbsp;? Comment m\u2019habiller quand il pleut&nbsp;? Quel itin\u00e9raire<br>choisir&nbsp;?<\/p>\n\n\n\n<p><br><strong>Pratique<\/strong>&nbsp;: le site web <a href=\"http:\/\/www.hellovelo.org\" data-type=\"URL\" data-id=\"www.hellovelo.org\">hellovelo.org<\/a> recense un grand nombre de r\u00e9ponses et d\u2019astuces qui<br>permettront de faciliter la vie de ces nouveaux cyclistes en leur faisant profiter de l\u2019exp\u00e9rience et<br>des astuces acquises par les associations d\u2019usagers depuis de nombreuses ann\u00e9es.<br><strong>S\u00e9curit\u00e9&nbsp;<\/strong>: une cartographie pour faire conna\u00eetre les associations d\u2019usagers, pour obtenir des<br>conseils et suivre des le\u00e7ons de remises en selle pour appr\u00e9hender les particularit\u00e9s de la<br>circulation&nbsp;: on peut savoir p\u00e9daler mais avoir besoin de conseils pour circuler en ville.<br>Une cinquantaine d\u2019association sont recens\u00e9es dans la r\u00e9gion Nouvelle Aquitaine.<br><strong>Autonomie&nbsp;<\/strong>: le v\u00e9lo, c\u2019est aussi la possibilit\u00e9 d\u2019\u00eatre autonome (et \u00e9conome !) en faisant soi-m\u00eame<br>son entretien. Avec un grand nombre d\u2019ateliers de r\u00e9parations qui sont l\u00e0 pour vous apprendre les<br>bases de la m\u00e9canique v\u00e9lo.<\/p>\n\n\n\n<p>D\u00e9couvrez aussi  <a href=\"https:\/\/www.velhome.co\/\">velhome.co\/<\/a> : <strong>PARKINGS V\u00c9LOS S\u00c9CURIS\u00c9S ET ENTRAIDE ENTRE CYCLISTES<\/strong><\/p>\n\n\n\n<div class=\"wp-block-media-text alignwide has-media-on-the-right is-stacked-on-mobile\" style=\"grid-template-columns:auto 41%\"><div class=\"wp-block-media-text__content\">\n<p>[<strong>Comment choisir son \u00e9clairage v\u00e9lo ?<\/strong> \ud83d\udca1]<\/p>\n\n\n\n<p>Un bon \u00e9clairage est essentiel pour bien voir et \u00eatre vu. C\u2019est pourquoi la FUB, en partenariat avec l&rsquo;IUT g\u00e9nie \u00e9lectrique et informatique de l\u2019universit\u00e9 de Soissons, r\u00e9alise chaque ann\u00e9e des tests sur les \u00e9clairages v\u00e9lo. L\u2019objectif : proposer le meilleur rapport qualit\u00e9\/prix \u00e0 tous les cyclistes, en fonction de leur pratique !<\/p>\n\n\n\n<p>\ud83d\udc49R\u00e9sultats des tests \u00e9clairages 2022 : <a href=\"https:\/\/www.fub.fr\/tests-eclairages\">https:\/\/www.fub.fr\/tests-eclairages<\/a><\/p>\n<\/div><figure class=\"wp-block-media-text__media\"><img loading=\"lazy\" decoding=\"async\" width=\"602\" height=\"438\" src=\"https:\/\/www.rouelibregranddax.fr\/wp-content\/uploads\/2022\/11\/CB-banieres.jpg\" alt=\"\" class=\"wp-image-1911 size-full\" srcset=\"https:\/\/www.rouelibregranddax.fr\/wp-content\/uploads\/2022\/11\/CB-banieres.jpg 602w, https:\/\/www.rouelibregranddax.fr\/wp-content\/uploads\/2022\/11\/CB-banieres-300x218.jpg 300w\" sizes=\"auto, (max-width: 602px) 100vw, 602px\" \/><\/figure><\/div>\n\n\n\n<p><\/p>\n","protected":false},"excerpt":{"rendered":"<p>Avec le soutien de la Pr\u00e9fecture de la r\u00e9gion Nouvelle Aquitaine, V\u00e9lo-Cit\u00e9 et les associations de lar\u00e9gion Nouvelle-Aquitaine ont d\u00e9velopp\u00e9 un site web pour accompagner les nouveaux utilisateursdu v\u00e9lo \u00e0 adopter les bons r\u00e9flexes.La pratique du v\u00e9lo conna\u00eet ces derni\u00e8res ann\u00e9es une tr\u00e8s forte progression et il est n\u00e9cessaired\u2019accompagner celles et ceux qui souhaitent changer [&hellip;]<\/p>\n","protected":false},"author":1,"featured_media":0,"parent":0,"menu_order":0,"comment_status":"closed","ping_status":"closed","template":"","meta":{"site-sidebar-layout":"default","site-content-layout":"","ast-site-content-layout":"","site-content-style":"default","site-sidebar-style":"default","ast-global-header-display":"","ast-banner-title-visibility":"","ast-main-header-display":"","ast-hfb-above-header-display":"","ast-hfb-below-header-display":"","ast-hfb-mobile-header-display":"","site-post-title":"","ast-breadcrumbs-content":"","ast-featured-img":"","footer-sml-layout":"","theme-transparent-header-meta":"","adv-header-id-meta":"","stick-header-meta":"","header-above-stick-meta":"","header-main-stick-meta":"","header-below-stick-meta":"","astra-migrate-meta-layouts":"default","ast-page-background-enabled":"default","ast-page-background-meta":{"desktop":{"background-color":"var(--ast-global-color-4)","background-image":"","background-repeat":"repeat","background-position":"center center","background-size":"auto","background-attachment":"scroll","background-type":"","background-media":"","overlay-type":"","overlay-color":"","overlay-opacity":"","overlay-gradient":""},"tablet":{"background-color":"","background-image":"","background-repeat":"repeat","background-position":"center center","background-size":"auto","background-attachment":"scroll","background-type":"","background-media":"","overlay-type":"","overlay-color":"","overlay-opacity":"","overlay-gradient":""},"mobile":{"background-color":"","background-image":"","background-repeat":"repeat","background-position":"center center","background-size":"auto","background-attachment":"scroll","background-type":"","background-media":"","overlay-type":"","overlay-color":"","overlay-opacity":"","overlay-gradient":""}},"ast-content-background-meta":{"desktop":{"background-color":"var(--ast-global-color-5)","background-image":"","background-repeat":"repeat","background-position":"center center","background-size":"auto","background-attachment":"scroll","background-type":"","background-media":"","overlay-type":"","overlay-color":"","overlay-opacity":"","overlay-gradient":""},"tablet":{"background-color":"var(--ast-global-color-5)","background-image":"","background-repeat":"repeat","background-position":"center center","background-size":"auto","background-attachment":"scroll","background-type":"","background-media":"","overlay-type":"","overlay-color":"","overlay-opacity":"","overlay-gradient":""},"mobile":{"background-color":"var(--ast-global-color-5)","background-image":"","background-repeat":"repeat","background-position":"center center","background-size":"auto","background-attachment":"scroll","background-type":"","background-media":"","overlay-type":"","overlay-color":"","overlay-opacity":"","overlay-gradient":""}},"footnotes":""},"class_list":["post-1813","page","type-page","status-publish","hentry"],"_links":{"self":[{"href":"https:\/\/www.rouelibregranddax.fr\/index.php\/wp-json\/wp\/v2\/pages\/1813","targetHints":{"allow":["GET"]}}],"collection":[{"href":"https:\/\/www.rouelibregranddax.fr\/index.php\/wp-json\/wp\/v2\/pages"}],"about":[{"href":"https:\/\/www.rouelibregranddax.fr\/index.php\/wp-json\/wp\/v2\/types\/page"}],"author":[{"embeddable":true,"href":"https:\/\/www.rouelibregranddax.fr\/index.php\/wp-json\/wp\/v2\/users\/1"}],"replies":[{"embeddable":true,"href":"https:\/\/www.rouelibregranddax.fr\/index.php\/wp-json\/wp\/v2\/comments?post=1813"}],"version-history":[{"count":8,"href":"https:\/\/www.rouelibregranddax.fr\/index.php\/wp-json\/wp\/v2\/pages\/1813\/revisions"}],"predecessor-version":[{"id":1912,"href":"https:\/\/www.rouelibregranddax.fr\/index.php\/wp-json\/wp\/v2\/pages\/1813\/revisions\/1912"}],"wp:attachment":[{"href":"https:\/\/www.rouelibregranddax.fr\/index.php\/wp-json\/wp\/v2\/media?parent=1813"}],"curies":[{"name":"wp","href":"https:\/\/api.w.org\/{rel}","templated":true}]}}