{"id":118,"date":"2022-06-10T17:17:21","date_gmt":"2022-06-10T15:17:21","guid":{"rendered":"http:\/\/wegnefp.cluster030.hosting.ovh.net\/?page_id=78"},"modified":"2024-03-16T19:03:20","modified_gmt":"2024-03-16T18:03:20","slug":"reglement-interieur-2","status":"publish","type":"page","link":"https:\/\/www.rouelibregranddax.fr\/index.php\/reglement-interieur-2\/","title":{"rendered":"R\u00e8glement Int\u00e9rieur"},"content":{"rendered":"\n<p>R\u00e8glement int\u00e9rieur de l\u2019association \u00ab Roue Libre en Grand Dax \u00bb<\/p>\n\n\n\n<p>Mise \u00e0 jour AG 2023<\/p>\n\n\n\n<p>Article 1 : Objets<br>L&rsquo;association\u00a0\u00bb Roue Libre en Grand Dax \u00a0\u00bb a pour objet g\u00e9n\u00e9ral, la promotion de l\u2019utilisation de la bicyclette et<br>d\u2019autres modes de d\u00e9placements doux et actifs, tant comme moyens de d\u00e9placement au quotidien, activit\u00e9s de loisirs,<br>que comme modalit\u00e9s d\u2019action en faveur de notre environnement.<br>Pour cela, nos objectifs d\u00e9taill\u00e9s sont de :<\/p>\n\n\n\n<ol class=\"wp-block-list\">\n<li>Proposer des ateliers d\u2019autor\u00e9paration, solidaires, visant \u00e0 renforcer l\u2019autonomie des usagers, \u00e0 renforcer la<br>coh\u00e9sion sociale par le partage des savoirs, ainsi que l&rsquo;\u00e9ducation \u00e0 l&rsquo;environnement.<\/li>\n\n\n\n<li>R\u00e9cup\u00e9rer et valoriser des v\u00e9los pour permettre un acc\u00e8s \u00e0 la mobilit\u00e9 au plus grand nombre.<\/li>\n\n\n\n<li>Contribuer \u00e0 la pr\u00e9vention des risques pour les usagers par un meilleur respect des r\u00e8gles de s\u00e9curit\u00e9, et par<br>l\u2019aide \u00e0 la cr\u00e9ation d&rsquo;un r\u00e9seau cyclable et de voies douces, s\u00fbr, continu et coh\u00e9rent sur le territoire de<br>l\u2019agglom\u00e9ration comme en liaison avec les autres territoires. Pour cela, il nous revient :<br>a. d\u2019am\u00e9liorer la contribution des adh\u00e9rent.e.s dans l\u2019exp\u00e9rimentation et l\u2019am\u00e9lioration du r\u00e9seau<br>existant.<br>b. de mettre en \u0153uvre un dialogue continu avec les acteurs de la mobilit\u00e9.<\/li>\n\n\n\n<li>d\u2019aller au-devant des citoyen.ne.s du Grand Dax par le biais de stands, de r\u00e9unions, de manifestations<br>diverses, et d\u2019interventions aupr\u00e8s de tous les publics et particuli\u00e8rement des jeunes en milieu scolaire.<br>Article 2 : Agr\u00e9ment des nouveaux membres.<br>Les personnes d\u00e9sirant adh\u00e9rer doivent :<\/li>\n<\/ol>\n\n\n\n<ul class=\"wp-block-list\">\n<li>avoir rempli un bulletin d\u2019adh\u00e9sion, avec date et signature valant acceptation du r\u00e8glement int\u00e9rieur et de la<br>charte,<\/li>\n\n\n\n<li>s\u2019\u00eatre acquitt\u00e9 du montant de l\u2019adh\u00e9sion, d\u00e9termin\u00e9e en assembl\u00e9e g\u00e9n\u00e9rale.<br>Article 3 : Acceptation de la charte.<br>La charte est avant tout l\u2019outil de coh\u00e9sion interne de l\u2019association. Le membre s\u2019engage \u00e0 adopter ses valeurs et des<br>positions ad\u00e9quates en adh\u00e9rant \u00e0 l\u2019association.<br>Il est imp\u00e9ratif que le membre adopte un comportement responsable et respectueux du code de la route lors de ses<br>d\u00e9placements, \u00e0 v\u00e9lo ou autres.<br>Article 4 : D\u00e9mission \u2013 Exclusion \u2013 D\u00e9c\u00e8s d\u2019un membre<\/li>\n<\/ul>\n\n\n\n<ol class=\"wp-block-list\">\n<li>La d\u00e9mission doit \u00eatre adress\u00e9e au pr\u00e9sident du conseil par lettre recommand\u00e9e. Elle n\u2019a pas \u00e0 \u00eatre<br>motiv\u00e9e par le membre d\u00e9missionnaire.<\/li>\n\n\n\n<li>Comme indiqu\u00e9 \u00e0 l\u2019article 5 des statuts, l\u2019exclusion d\u2019un membre peut \u00eatre prononc\u00e9e par le conseil, pour<br>motif grave. Sont notamment r\u00e9put\u00e9s constituer des motifs graves :<\/li>\n<\/ol>\n\n\n\n<ul class=\"wp-block-list\">\n<li>une condamnation p\u00e9nale pour crime et d\u00e9lit ;<\/li>\n\n\n\n<li>toute action de nature \u00e0 porter pr\u00e9judice, directement ou indirectement, aux activit\u00e9s de l\u2019association ou \u00e0<br>sa r\u00e9putation.<br>Le membre sera mis en mesure de pr\u00e9senter sa d\u00e9fense, pr\u00e9alablement \u00e0 la d\u00e9cision d\u2019exclusion.<br>La d\u00e9cision d\u2019exclusion est adopt\u00e9e par le conseil statuant \u00e0 la majorit\u00e9 des membres pr\u00e9sents.<\/li>\n<\/ul>\n\n\n\n<ol class=\"wp-block-list\">\n<li>En cas de d\u00e9c\u00e8s d\u2019un membre, les h\u00e9ritiers ou les l\u00e9gataires ne peuvent pr\u00e9tendre \u00e0 un quelconque<br>maintien dans l\u2019association.<\/li>\n<\/ol>\n\n\n\n<p>La cotisation vers\u00e9e \u00e0 l\u2019association est d\u00e9finitivement acquise, m\u00eame cas en cas de d\u00e9mission, d\u2019exclusion, ou de<br>d\u00e9c\u00e8s d\u2019un membre en cours d\u2019ann\u00e9e.<br>Article 5 : Assembl\u00e9es g\u00e9n\u00e9rales \u2013 Modalit\u00e9s applicables aux votes<\/p>\n\n\n\n<ol class=\"wp-block-list\">\n<li>Votes des membres pr\u00e9sents<br>Les membres pr\u00e9sents votent \u00e0 main lev\u00e9e. Toutefois, un scrutin secret peut \u00eatre demand\u00e9 par le conseil ou 20% des<br>membres pr\u00e9sents.<\/li>\n\n\n\n<li>Votes par procuration<br>Comme indiqu\u00e9 \u00e0 l\u2019article 10 des statuts, si un membre de l\u2019association ne peut assister personnellement \u00e0 une<br>assembl\u00e9e, il peut s\u2019y faire repr\u00e9senter par un mandataire dans les conditions indiqu\u00e9es audit article<br>Article 6 : Indemnit\u00e9s de remboursement.<br>Seuls les membres missionn\u00e9s par le pr\u00e9sident, peuvent pr\u00e9tendre au remboursement des frais engag\u00e9s,<br>notamment les frais kilom\u00e9triques au taux actualis\u00e9 par l\u2019administration fiscale, ou peuvent demander l\u2019abandon de<br>ces remboursements et en faire don \u00e0 l\u2019association en vue de la r\u00e9duction d\u2019imp\u00f4t sur le revenu art. 200 du CGI.<br>Dans tous les cas, le b\u00e9n\u00e9ficiaire doit demander et compl\u00e9ter la d\u00e9claration annuelle de frais en conservant les<br>justificatifs (pour les avances de frais ou p\u00e9ages).<br>Le renoncement au remboursement et le don \u00e0 l\u2019association sont \u00e0 privil\u00e9gier. Et pour obtenir un re\u00e7u de don :<br>Le b\u00e9n\u00e9ficiaire devra notifier par \u00e9crit au tr\u00e9sorier qu&rsquo;il renonce au remboursement direct de ses frais, et qu&rsquo;il fait<br>don \u00e0 l&rsquo;association du montant correspondant. Le tr\u00e9sorier lui d\u00e9livrera alors un re\u00e7u fiscal (\u00e0 produire avec sa<br>d\u00e9claration de revenus pour pouvoir diminuer son imp\u00f4t).<br>Article 7 : Commission de travail.<br>Des commissions de travail peuvent \u00eatre constitu\u00e9es par d\u00e9cision du conseil d\u2019administration.<br>Article 8 : Modification du r\u00e8glement int\u00e9rieur<br>Le pr\u00e9sent r\u00e8glement int\u00e9rieur pourra \u00eatre modifi\u00e9 par le conseil d\u2019administration qui le fait approuver par<br>l&rsquo;assembl\u00e9e g\u00e9n\u00e9rale suivante ou par l\u2019assembl\u00e9e g\u00e9n\u00e9rale ordinaire \u00e0 la majorit\u00e9 des membres.<br>Article 9 : Donn\u00e9es personnelles.<br>En adh\u00e9rent, j&rsquo;accepte que les informations personnelles soient utilis\u00e9es pour le traitement informatique et<br>notamment cr\u00e9ation de fichier, mailing\u2026, n\u00e9cessaire \u00e0 la vie de l&rsquo;association.<\/li>\n<\/ol>\n\n\n\n<p>Les dirigeants de l\u2019association \u00ab Roue Libre en Grand Dax \u00bb<\/p>\n","protected":false},"excerpt":{"rendered":"<p>R\u00e8glement int\u00e9rieur de l\u2019association \u00ab Roue Libre en Grand Dax \u00bb Mise \u00e0 jour AG 2023 Article 1 : ObjetsL&rsquo;association\u00a0\u00bb Roue Libre en Grand Dax \u00a0\u00bb a pour objet g\u00e9n\u00e9ral, la promotion de l\u2019utilisation de la bicyclette etd\u2019autres modes de d\u00e9placements doux et actifs, tant comme moyens de d\u00e9placement au quotidien, activit\u00e9s de loisirs,que comme [&hellip;]<\/p>\n","protected":false},"author":1,"featured_media":0,"parent":0,"menu_order":0,"comment_status":"closed","ping_status":"closed","template":"","meta":{"site-sidebar-layout":"default","site-content-layout":"","ast-site-content-layout":"","site-content-style":"default","site-sidebar-style":"default","ast-global-header-display":"","ast-banner-title-visibility":"","ast-main-header-display":"","ast-hfb-above-header-display":"","ast-hfb-below-header-display":"","ast-hfb-mobile-header-display":"","site-post-title":"","ast-breadcrumbs-content":"","ast-featured-img":"","footer-sml-layout":"","theme-transparent-header-meta":"","adv-header-id-meta":"","stick-header-meta":"","header-above-stick-meta":"","header-main-stick-meta":"","header-below-stick-meta":"","astra-migrate-meta-layouts":"default","ast-page-background-enabled":"default","ast-page-background-meta":{"desktop":{"background-color":"var(--ast-global-color-4)","background-image":"","background-repeat":"repeat","background-position":"center center","background-size":"auto","background-attachment":"scroll","background-type":"","background-media":"","overlay-type":"","overlay-color":"","overlay-opacity":"","overlay-gradient":""},"tablet":{"background-color":"","background-image":"","background-repeat":"repeat","background-position":"center center","background-size":"auto","background-attachment":"scroll","background-type":"","background-media":"","overlay-type":"","overlay-color":"","overlay-opacity":"","overlay-gradient":""},"mobile":{"background-color":"","background-image":"","background-repeat":"repeat","background-position":"center center","background-size":"auto","background-attachment":"scroll","background-type":"","background-media":"","overlay-type":"","overlay-color":"","overlay-opacity":"","overlay-gradient":""}},"ast-content-background-meta":{"desktop":{"background-color":"var(--ast-global-color-5)","background-image":"","background-repeat":"repeat","background-position":"center center","background-size":"auto","background-attachment":"scroll","background-type":"","background-media":"","overlay-type":"","overlay-color":"","overlay-opacity":"","overlay-gradient":""},"tablet":{"background-color":"var(--ast-global-color-5)","background-image":"","background-repeat":"repeat","background-position":"center center","background-size":"auto","background-attachment":"scroll","background-type":"","background-media":"","overlay-type":"","overlay-color":"","overlay-opacity":"","overlay-gradient":""},"mobile":{"background-color":"var(--ast-global-color-5)","background-image":"","background-repeat":"repeat","background-position":"center center","background-size":"auto","background-attachment":"scroll","background-type":"","background-media":"","overlay-type":"","overlay-color":"","overlay-opacity":"","overlay-gradient":""}},"footnotes":""},"class_list":["post-118","page","type-page","status-publish","hentry"],"_links":{"self":[{"href":"https:\/\/www.rouelibregranddax.fr\/index.php\/wp-json\/wp\/v2\/pages\/118","targetHints":{"allow":["GET"]}}],"collection":[{"href":"https:\/\/www.rouelibregranddax.fr\/index.php\/wp-json\/wp\/v2\/pages"}],"about":[{"href":"https:\/\/www.rouelibregranddax.fr\/index.php\/wp-json\/wp\/v2\/types\/page"}],"author":[{"embeddable":true,"href":"https:\/\/www.rouelibregranddax.fr\/index.php\/wp-json\/wp\/v2\/users\/1"}],"replies":[{"embeddable":true,"href":"https:\/\/www.rouelibregranddax.fr\/index.php\/wp-json\/wp\/v2\/comments?post=118"}],"version-history":[{"count":1,"href":"https:\/\/www.rouelibregranddax.fr\/index.php\/wp-json\/wp\/v2\/pages\/118\/revisions"}],"predecessor-version":[{"id":2222,"href":"https:\/\/www.rouelibregranddax.fr\/index.php\/wp-json\/wp\/v2\/pages\/118\/revisions\/2222"}],"wp:attachment":[{"href":"https:\/\/www.rouelibregranddax.fr\/index.php\/wp-json\/wp\/v2\/media?parent=118"}],"curies":[{"name":"wp","href":"https:\/\/api.w.org\/{rel}","templated":true}]}}