{"id":105,"date":"2022-06-10T16:39:08","date_gmt":"2022-06-10T14:39:08","guid":{"rendered":"http:\/\/wegnefp.cluster030.hosting.ovh.net\/?page_id=19"},"modified":"2024-12-20T10:56:44","modified_gmt":"2024-12-20T09:56:44","slug":"reglement-interieur","status":"publish","type":"page","link":"https:\/\/www.rouelibregranddax.fr\/index.php\/reglement-interieur\/","title":{"rendered":"R\u00e8glement de l&rsquo;atelier"},"content":{"rendered":"\n<div class=\"wp-block-media-text alignwide is-stacked-on-mobile\" style=\"grid-template-columns:15% auto\"><figure class=\"wp-block-media-text__media\"><img decoding=\"async\" src=\"http:\/\/wegnefp.cluster030.hosting.ovh.net\/wp-content\/uploads\/2022\/06\/logo-en-rlgd-V2-2-1024x1016.jpg\" alt=\"\" class=\"wp-image-293 size-full\"\/><\/figure><div class=\"wp-block-media-text__content\">\n<p>C\u2019est le texte qui r\u00e9git le fonctionnement de l\u2019atelier d\u2019auto-r\u00e9paration de l\u2019association Roue Libre en Grand Dax, dans ses locaux ou en tout lieu d\u2019exercice.<\/p>\n\n\n\n<p>Il se veut strict, afin de se pr\u00e9munir d\u2019abus de toute sorte, mais n\u2019emp\u00eache aucunement convivialit\u00e9 et d\u00e9tente.<\/p>\n<\/div><\/div>\n\n\n\n<p><\/p>\n\n\n\n<p><strong>Services de l\u2019association<\/strong><\/p>\n\n\n\n<p>Pour b\u00e9n\u00e9ficier des services de l\u2019association (atelier, aide et conseils, outillage, achat de pi\u00e8ces d\u00e9tach\u00e9es et de v\u00e9los, revues techniques, etc\u2026) toute personne doit \u00eatre adh\u00e9rente et \u00e0 jour de sa cotisation. Une pi\u00e8ce d\u2019identit\u00e9 pourra \u00eatre demand\u00e9e par l\u2019animateur \u00e0 chaque visite au local. L\u2019entr\u00e9e dans le local est strictement r\u00e9serv\u00e9e aux adh\u00e9rents de l\u2019association. L&rsquo;adh\u00e9sion peut se faire \u00e0 l&rsquo;entr\u00e9e de celui-ci.<\/p>\n\n\n\n<p><strong>Dur\u00e9e et montant de l\u2019adh\u00e9sion :<\/strong><\/p>\n\n\n\n<p>L&rsquo;adh\u00e9sion \u00e0 l\u2019association Roue Libre en Grand Dax est obligatoire pour participer aux activit\u00e9s du p\u00f4le atelier auto r\u00e9paration.<\/p>\n\n\n\n<p><a href=\"https:\/\/www.rouelibregranddax.fr\/rouelibre\/index.php\/nous-contacter\/\" data-type=\"page\" data-id=\"89\">Pour adh\u00e9rer, cliquez ICI<\/a><\/p>\n\n\n\n<p><\/p>\n\n\n\n<p><strong>Respect des personnes et des locaux :<\/strong><\/p>\n\n\n\n<p>Le local est le centre de vie de l\u2019association, le lieu o\u00f9 les adh\u00e9rents se retrouvent et exercent les activit\u00e9s.<\/p>\n\n\n\n<p>Le respect des personnes et du mat\u00e9riel est le fondement d\u2019un bon fonctionnement. Les relations doivent \u00eatre cordiales et respectueuses, non racistes, non sexistes, non violentes verbalement et\/ou physiquement.<\/p>\n\n\n\n<p>Toute d\u00e9gradation des locaux, du mat\u00e9riel, de l\u2019outillage\u2026sera factur\u00e9e aux adh\u00e9rents en cause pour rachat ou remise en \u00e9tat.<\/p>\n\n\n\n<p><\/p>\n\n\n\n<p><strong>Responsabilit\u00e9 des travaux effectu\u00e9s \u00e0 l\u2019atelier :<\/strong><\/p>\n\n\n\n<p>L\u2019atelier est un lieu de travail personnel sur son mat\u00e9riel. Il n\u2019est pas un centre de formation, l\u2019adh\u00e9rent fait le travail, avec les outils et les pi\u00e8ces disponibles, sans garantie d\u2019aucune sorte. Il doit donc faire un travail appliqu\u00e9, avec au besoin les conseils d\u2019animateurs. Les animateurs ne sauraient \u00eatre tenus pour responsables d\u2019une d\u00e9gradation pendant ou apr\u00e8s une r\u00e9paration, ni d\u2019accidents suite \u00e0 une r\u00e9paration.<\/p>\n\n\n\n<p>Pour des raisons de suivi et de s\u00e9curit\u00e9, les travaux effectu\u00e9s par l\u2019adh\u00e9rent sont consign\u00e9s par ses soins sur une fiche personnelle stipulant l\u2019identit\u00e9 du v\u00e9lo, les pi\u00e8ces d\u00e9tach\u00e9es utilis\u00e9es, les t\u00e2ches effectu\u00e9es.<\/p>\n\n\n\n<p>Associatif et coop\u00e9ratif, l\u2019atelier est un lieu d\u2019\u00e9change : Les animateurs et les adh\u00e9rents sont l\u00e0 pour s\u2019entraider, apporter leurs comp\u00e9tences et leurs connaissances.<\/p>\n\n\n\n<p><\/p>\n\n\n\n<p><strong>S\u00e9curit\u00e9 des personnes dans l\u2019atelier :<\/strong><\/p>\n\n\n\n<p>Quelques conseils pour \u00e9viter les incidents et accidents pendant les interventions :<\/p>\n\n\n\n<p><\/p>\n\n\n\n<ul class=\"wp-block-list\">\n<li>S\u2019attacher les cheveux, car ils peuvent se prendre dans les d\u00e9railleurs et pignons<\/li>\n\n\n\n<li>Mettre des gants d\u00e8s que possible. Ces \u00e9quipements sont, pour une question d\u2019hygi\u00e8ne, \u00e0 usage personnel.<\/li>\n\n\n\n<li>Mettre un tablier ou une blouse de travail.<\/li>\n\n\n\n<li>S\u2019assurer que le v\u00e9lo est solidement amarr\u00e9 \u00e0 son support de travail pour \u00e9viter qu\u2019il ne tombe durant les interventions.<\/li>\n\n\n\n<li>Toujours arr\u00eater la rotation des roues et des p\u00e9dales avant d\u2019approcher les mains des roues, cha\u00eene, pignons, p\u00e9daliers, freins\u2026<\/li>\n\n\n\n<li>Utiliser les outils dans le cadre de l\u2019usage pour lequel ils sont pr\u00e9vus : Un tournevis n\u2019est pas fait pour frapper, une pince n\u2019est pas faite pour d\u00e9visser un \u00e9crou, etc\u2026 Si on ne sait pas quel outil utiliser ou la mani\u00e8re de s\u2019en servir, demander \u00e0 l\u2019animateur.<\/li>\n<\/ul>\n\n\n\n<p><strong>Utilisation et rangement de l\u2019atelier et des locaux<\/strong><\/p>\n\n\n\n<ul class=\"wp-block-list\">\n<li>L\u2019utilisation d\u2019outils et de mat\u00e9riel implique leur nettoyage et leur rangement \u00e0 l&#8217;emplacement pr\u00e9vu apr\u00e8s usage.<\/li>\n\n\n\n<li>Il en va de m\u00eame pour les pi\u00e8ces d\u00e9tach\u00e9es. Les plans de travail et le sol doivent \u00eatre d\u00e9barrass\u00e9s des d\u00e9chets de toutes sortes, des graisses ou autres produits et nettoy\u00e9s.<\/li>\n\n\n\n<li>En aucun cas l\u2019atelier peut servir d&rsquo;entrep\u00f4t. Les utilisateurs doivent imp\u00e9rativement repartir avec leur v\u00e9lo \u00e0 la fermeture de l\u2019atelier.&nbsp;<\/li>\n<\/ul>\n\n\n\n<p>En cas d\u2019affluence, et pour permettre au plus grand nombre d\u2019effectuer les r\u00e9parations, le temps imparti \u00e0 chacun sera limit\u00e9 par l\u2019animateur, et il pourra donner des priorit\u00e9s.<\/p>\n\n\n\n<p>Le parvis devant l\u2019atelier appartenant au domaine public, tous travaux sur cette partie engagent la responsabilit\u00e9 individuelle de chacun.<\/p>\n\n\n\n<p><\/p>\n\n\n\n<p><strong>&nbsp;<\/strong><strong>Outillage et mat\u00e9riel :<\/strong><\/p>\n\n\n\n<p>Ils ne peuvent pas sortir du local de l\u2019association, sauf pour les ateliers en ext\u00e9rieurs organis\u00e9s par l\u2019association.<\/p>\n\n\n\n<p>L\u2019adh\u00e9rent est responsable du mat\u00e9riel emprunt\u00e9 : en cas de d\u00e9t\u00e9rioration, il devra \u00eatre remplac\u00e9 ou sera factur\u00e9.<\/p>\n\n\n\n<p><\/p>\n\n\n\n<p><strong>Vente de pi\u00e8ces d\u00e9tach\u00e9es et de v\u00e9los aux adh\u00e9rents :<\/strong><\/p>\n\n\n\n<p>Des pi\u00e8ces d\u2019occasion, des pi\u00e8ces neuves et des v\u00e9los d\u2019occasion pourront \u00eatre propos\u00e9es aux adh\u00e9rents. Le prix des pi\u00e8ces et des v\u00e9los \u00e0 vendre sera affich\u00e9 dans l\u2019atelier. Pour utiliser les pi\u00e8ces d\u00e9tach\u00e9es, l\u2019accord de l\u2019animateur est obligatoire.<\/p>\n\n\n\n<p><\/p>\n\n\n\n<p><br><strong>Effets personnels :<\/strong><\/p>\n\n\n\n<p>L\u2019association n\u2019est pas responsable des effets personnels des adh\u00e9rents en cas de vol, d\u00e9gradation pendant les activit\u00e9s ou laiss\u00e9s au local. Les v\u00e9los ne peuvent pas \u00eatre stock\u00e9s \u00e0 l\u2019atelier entre 2 permanences compte tenu de l\u2019exigu\u00eft\u00e9 du local.<\/p>\n\n\n\n<p><\/p>\n\n\n\n<p><strong>Assurance:<\/strong><\/p>\n\n\n\n<p>L\u2019association a souscrit une assurance responsabilit\u00e9 civile pour les activit\u00e9s se d\u00e9roulant au local et au cours d\u2019activit\u00e9s ext\u00e9rieures encadr\u00e9es par elle. Les adh\u00e9rents doivent \u00eatre couverts par une assurance Responsabilit\u00e9 individuelle.<\/p>\n\n\n\n<p><\/p>\n\n\n\n<p><strong>Les horaires :<\/strong><\/p>\n\n\n\n<p>Les horaires sont affich\u00e9s dans le local. 15 minutes avant la fermeture, le rangement et le nettoyage du local est obligatoire.<\/p>\n\n\n\n<p>Il n\u2019est pas possible d\u2019entamer de nouveaux travaux 30 minutes avant la fermeture.<\/p>\n\n\n\n<p><\/p>\n\n\n\n<p class=\"has-text-align-center\"><strong>Tout manquement \u00e0 ces r\u00e8gles et conseils pourra se traduire par une exclusion imm\u00e9diate de l\u2019adh\u00e9rent.<\/strong><\/p>\n\n\n\n<p><\/p>\n\n\n\n<p class=\"has-text-align-center\">Vous souhaitez rejoindre l\u2019atelier et vivre cette aventure avec nous ? Contactez-nous:<\/p>\n\n\n\n<div class=\"wp-block-buttons is-content-justification-center is-layout-flex wp-container-core-buttons-is-layout-a89b3969 wp-block-buttons-is-layout-flex\">\n<div class=\"wp-block-button is-style-fill\"><a class=\"wp-block-button__link wp-element-button\" href=\"mailto:atelier@rouelibregranddax.fr\">atelier@rouelibregranddax.fr<\/a><\/div>\n<\/div>\n","protected":false},"excerpt":{"rendered":"<p>C\u2019est le texte qui r\u00e9git le fonctionnement de l\u2019atelier d\u2019auto-r\u00e9paration de l\u2019association Roue Libre en Grand Dax, dans ses locaux ou en tout lieu d\u2019exercice. Il se veut strict, afin de se pr\u00e9munir d\u2019abus de toute sorte, mais n\u2019emp\u00eache aucunement convivialit\u00e9 et d\u00e9tente. Services de l\u2019association Pour b\u00e9n\u00e9ficier des services de l\u2019association (atelier, aide et [&hellip;]<\/p>\n","protected":false},"author":1,"featured_media":0,"parent":0,"menu_order":0,"comment_status":"closed","ping_status":"closed","template":"","meta":{"site-sidebar-layout":"default","site-content-layout":"","ast-site-content-layout":"","site-content-style":"default","site-sidebar-style":"default","ast-global-header-display":"","ast-banner-title-visibility":"","ast-main-header-display":"","ast-hfb-above-header-display":"","ast-hfb-below-header-display":"","ast-hfb-mobile-header-display":"","site-post-title":"","ast-breadcrumbs-content":"","ast-featured-img":"","footer-sml-layout":"","theme-transparent-header-meta":"","adv-header-id-meta":"","stick-header-meta":"","header-above-stick-meta":"","header-main-stick-meta":"","header-below-stick-meta":"","astra-migrate-meta-layouts":"default","ast-page-background-enabled":"default","ast-page-background-meta":{"desktop":{"background-color":"var(--ast-global-color-4)","background-image":"","background-repeat":"repeat","background-position":"center center","background-size":"auto","background-attachment":"scroll","background-type":"","background-media":"","overlay-type":"","overlay-color":"","overlay-opacity":"","overlay-gradient":""},"tablet":{"background-color":"","background-image":"","background-repeat":"repeat","background-position":"center center","background-size":"auto","background-attachment":"scroll","background-type":"","background-media":"","overlay-type":"","overlay-color":"","overlay-opacity":"","overlay-gradient":""},"mobile":{"background-color":"","background-image":"","background-repeat":"repeat","background-position":"center center","background-size":"auto","background-attachment":"scroll","background-type":"","background-media":"","overlay-type":"","overlay-color":"","overlay-opacity":"","overlay-gradient":""}},"ast-content-background-meta":{"desktop":{"background-color":"var(--ast-global-color-5)","background-image":"","background-repeat":"repeat","background-position":"center center","background-size":"auto","background-attachment":"scroll","background-type":"","background-media":"","overlay-type":"","overlay-color":"","overlay-opacity":"","overlay-gradient":""},"tablet":{"background-color":"var(--ast-global-color-5)","background-image":"","background-repeat":"repeat","background-position":"center center","background-size":"auto","background-attachment":"scroll","background-type":"","background-media":"","overlay-type":"","overlay-color":"","overlay-opacity":"","overlay-gradient":""},"mobile":{"background-color":"var(--ast-global-color-5)","background-image":"","background-repeat":"repeat","background-position":"center center","background-size":"auto","background-attachment":"scroll","background-type":"","background-media":"","overlay-type":"","overlay-color":"","overlay-opacity":"","overlay-gradient":""}},"footnotes":""},"class_list":["post-105","page","type-page","status-publish","hentry"],"_links":{"self":[{"href":"https:\/\/www.rouelibregranddax.fr\/index.php\/wp-json\/wp\/v2\/pages\/105","targetHints":{"allow":["GET"]}}],"collection":[{"href":"https:\/\/www.rouelibregranddax.fr\/index.php\/wp-json\/wp\/v2\/pages"}],"about":[{"href":"https:\/\/www.rouelibregranddax.fr\/index.php\/wp-json\/wp\/v2\/types\/page"}],"author":[{"embeddable":true,"href":"https:\/\/www.rouelibregranddax.fr\/index.php\/wp-json\/wp\/v2\/users\/1"}],"replies":[{"embeddable":true,"href":"https:\/\/www.rouelibregranddax.fr\/index.php\/wp-json\/wp\/v2\/comments?post=105"}],"version-history":[{"count":3,"href":"https:\/\/www.rouelibregranddax.fr\/index.php\/wp-json\/wp\/v2\/pages\/105\/revisions"}],"predecessor-version":[{"id":2300,"href":"https:\/\/www.rouelibregranddax.fr\/index.php\/wp-json\/wp\/v2\/pages\/105\/revisions\/2300"}],"wp:attachment":[{"href":"https:\/\/www.rouelibregranddax.fr\/index.php\/wp-json\/wp\/v2\/media?parent=105"}],"curies":[{"name":"wp","href":"https:\/\/api.w.org\/{rel}","templated":true}]}}